{"id":11,"date":"2015-11-26T23:20:33","date_gmt":"2015-11-26T23:20:33","guid":{"rendered":"https:\/\/ilmonastero-residenzaprotetta.it\/?page_id=11"},"modified":"2024-07-08T17:23:31","modified_gmt":"2024-07-08T17:23:31","slug":"tariffe","status":"publish","type":"page","link":"https:\/\/ilmonastero-residenzaprotetta.it\/?page_id=11","title":{"rendered":"Tariffe"},"content":{"rendered":"<p><strong><br \/>\nLa Retta Sociale<\/strong><\/p>\n<p>Per le prestazioni ricevute presso \u201cIl Monastero\u201d viene corrisposta una retta onnicomprensiva stabilita dalla Regione Umbria che comprende la quota sanitaria e sociale e sar\u00e0 aggiornata in base alle variazioni economiche previste dalla Regione Umbria.<br \/>\nPer quanto concerne la quota sociale ognuno ha diritto di visionare gli atti con i quali viene stabilita la retta e pu\u00f2 verificare in ogni momento, presso gli uffici del Il Monastero, i propri pagamenti.<br \/>\nLa retta deve essere corrisposta mensilmente presso l\u2019 ufficio amministrazione o tramite bonifico bancario , altrimenti saranno applicati gli interessi legali di mora.<br \/>\nDopo 2 mesi di morosit\u00e0 potranno essere promosse le dimissioni del residente, e promossa un\u2019azione legale per il recupero delle somme dovute.<br \/>\nLa retta sanitaria \u00e8 stabilita dalla Regione Umbria ed \u00e8 a carico esclusivamente dell\u2019Azienda Sanitaria Locale che ha autorizzato l\u2019ammissione.<br \/>\nTale quota \u00e8 determinata in base alla normativa regionale.<\/p>\n<p>&nbsp;<\/p>\n<p><strong>La Quota Sanitaria<\/strong><\/p>\n<p>Anche la retta sanitaria \u00e8 stabilita dalla Regione Umbria, che \u00e8 a carico esclusivamente dell\u2019Azienda Sanitaria Locale che ha autorizzato l\u2019ammissione.<br \/>\nTale quota \u00e8 determinata in base alla normativa regionale.<\/p>\n<p>&nbsp;<\/p>\n","protected":false},"excerpt":{"rendered":"<p>La Retta Sociale Per le prestazioni ricevute presso \u201cIl Monastero\u201d viene corrisposta una retta onnicomprensiva stabilita dalla Regione Umbria che comprende la quota sanitaria e sociale e sar\u00e0 aggiornata in base alle variazioni economiche previste dalla Regione Umbria. Per quanto concerne la quota sociale ognuno ha diritto di visionare gli atti con i quali viene stabilita la retta e pu\u00f2 verificare in ogni momento, presso gli uffici del Il Monastero, i propri pagamenti. La retta deve essere corrisposta mensilmente presso l\u2019 ufficio amministrazione o tramite bonifico bancario , altrimenti saranno applicati gli interessi legali di mora. Dopo 2 mesi di morosit\u00e0 potranno essere promosse le dimissioni del residente, e promossa un\u2019azione legale per il recupero delle somme dovute. La retta sanitaria \u00e8 stabilita dalla Regione Umbria ed \u00e8 a carico esclusivamente dell\u2019Azienda Sanitaria Locale che ha autorizzato l\u2019ammissione. Tale quota \u00e8 determinata in base alla normativa regionale. &nbsp; La Quota Sanitaria Anche la retta sanitaria \u00e8 stabilita dalla Regione Umbria, che \u00e8 a carico esclusivamente dell\u2019Azienda Sanitaria Locale che ha autorizzato l\u2019ammissione. Tale quota \u00e8 determinata in base alla normativa regionale. &nbsp;<\/p>\n","protected":false},"author":1,"featured_media":0,"parent":0,"menu_order":3,"comment_status":"closed","ping_status":"closed","template":"","meta":{"footnotes":""},"class_list":["post-11","page","type-page","status-publish","hentry"],"_links":{"self":[{"href":"https:\/\/ilmonastero-residenzaprotetta.it\/index.php?rest_route=\/wp\/v2\/pages\/11","targetHints":{"allow":["GET"]}}],"collection":[{"href":"https:\/\/ilmonastero-residenzaprotetta.it\/index.php?rest_route=\/wp\/v2\/pages"}],"about":[{"href":"https:\/\/ilmonastero-residenzaprotetta.it\/index.php?rest_route=\/wp\/v2\/types\/page"}],"author":[{"embeddable":true,"href":"https:\/\/ilmonastero-residenzaprotetta.it\/index.php?rest_route=\/wp\/v2\/users\/1"}],"replies":[{"embeddable":true,"href":"https:\/\/ilmonastero-residenzaprotetta.it\/index.php?rest_route=%2Fwp%2Fv2%2Fcomments&post=11"}],"version-history":[{"count":7,"href":"https:\/\/ilmonastero-residenzaprotetta.it\/index.php?rest_route=\/wp\/v2\/pages\/11\/revisions"}],"predecessor-version":[{"id":344,"href":"https:\/\/ilmonastero-residenzaprotetta.it\/index.php?rest_route=\/wp\/v2\/pages\/11\/revisions\/344"}],"wp:attachment":[{"href":"https:\/\/ilmonastero-residenzaprotetta.it\/index.php?rest_route=%2Fwp%2Fv2%2Fmedia&parent=11"}],"curies":[{"name":"wp","href":"https:\/\/api.w.org\/{rel}","templated":true}]}}